{"id":97,"date":"2018-06-21T10:40:30","date_gmt":"2018-06-21T10:40:30","guid":{"rendered":"https:\/\/wohnmobil-world.de\/?page_id=97"},"modified":"2020-07-21T11:50:10","modified_gmt":"2020-07-21T11:50:10","slug":"impressum","status":"publish","type":"page","link":"https:\/\/www.wohnmobil-world.de\/index.php\/impressum\/","title":{"rendered":"Impressum"},"content":{"rendered":"<p style=\"text-align: center;\">F\u00fcr<strong> Media-Anfragen<\/strong> schreiben Sie uns bitte eine eMail an die unten angegebene Adresse, oder rufen uns an. Von Anfragen mit reinem SEO-Hintergrund bitten wir Abstand zu nehmen.<\/p>\n<p style=\"text-align: center;\">wohnmobil-world.de trennt Anzeigen und Redaktion konsequent und will ein exclusives Werbeumfeld f\u00fcr Kunden schaffen, die die Qualit\u00e4t an ihren Produkten sch\u00e4tzen.<\/p>\n<p>&nbsp;<\/p>\n<p style=\"text-align: center;\">wohnmobil-world.de<\/p>\n<p style=\"text-align: center;\">Blachetzki &#8211; Film-TV-Video-Broadcast<\/p>\n<p style=\"text-align: center;\">Thomas Blachetzki<\/p>\n<p style=\"text-align: center;\">Rheinlanddamm 201 * 44139 Dortmund<\/p>\n<p style=\"text-align: center;\">Germany<\/p>\n<p style=\"text-align: center;\">Telefon: (+49)(0)231 \/ 330 66 35<\/p>\n<p style=\"text-align: center;\">Telefax:(+49)(0)231 \/ 330 66 29<\/p>\n<p style=\"text-align: center;\">E-Mail: thomas (at) wohnmobil-world.de<\/p>\n<p>&nbsp;<\/p>\n<p style=\"text-align: center;\"><strong>Anbieterkennung nach \u00a7 5 TMG<br \/>\n<\/strong><\/p>\n<p style=\"text-align: center;\">Thomas Blachetzki<\/p>\n<p style=\"text-align: center;\">Rheinlanddamm 201<\/p>\n<p style=\"text-align: center;\">44139 Dortmund<\/p>\n<p style=\"text-align: center;\">E-Mail: thomas (at) wohnmobil-world.de<\/p>\n<p style=\"text-align: center;\">Telefon: (+49)(0)231 \/ 330 66 35<\/p>\n<p style=\"text-align: center;\">Telefax:(+49)(0)231 \/ 330 66 29<\/p>\n","protected":false},"excerpt":{"rendered":"<p>F\u00fcr Media-Anfragen schreiben Sie uns bitte eine eMail an die unten angegebene Adresse, oder rufen uns an. Von Anfragen mit reinem SEO-Hintergrund bitten wir Abstand zu nehmen. wohnmobil-world.de trennt Anzeigen und Redaktion konsequent und will ein exclusives Werbeumfeld f\u00fcr Kunden schaffen, die die Qualit\u00e4t an ihren Produkten sch\u00e4tzen. &nbsp; wohnmobil-world.de Blachetzki &#8211; Film-TV-Video-Broadcast Thomas Blachetzki&hellip;<\/p>\n","protected":false},"author":1,"featured_media":0,"parent":0,"menu_order":0,"comment_status":"closed","ping_status":"closed","template":"","meta":{"_crdt_document":"","_exactmetrics_skip_tracking":false,"_exactmetrics_sitenote_active":false,"_exactmetrics_sitenote_note":"","_exactmetrics_sitenote_category":0,"footnotes":""},"class_list":["post-97","page","type-page","status-publish","hentry"],"yoast_head":"<!-- This site is optimized with the Yoast SEO plugin v27.4 - https:\/\/yoast.com\/product\/yoast-seo-wordpress\/ -->\n<title>Impressum - Wohnmobil-world.de<\/title>\n<meta name=\"description\" content=\"Reist mit uns in die gro\u00dfe Welt der beliebtesten Reisemobile in Deutschland, Europa und der Welt. Wir liefern Fahrberichte, Tests und Fakten! Unser Blog: wohnmobil-world.de Facebook: https:\/\/www.facebook.com\/wohnmobilworld Instagram: https:\/\/www.instagram.com\/wohnmobilworld.de\/ Twitter: @wohnmobilD\" \/>\n<meta name=\"robots\" content=\"index, follow, max-snippet:-1, max-image-preview:large, max-video-preview:-1\" \/>\n<link rel=\"canonical\" href=\"https:\/\/www.wohnmobil-world.de\/index.php\/impressum\/\" \/>\n<meta property=\"og:locale\" content=\"de_DE\" \/>\n<meta property=\"og:type\" content=\"article\" \/>\n<meta property=\"og:title\" content=\"Impressum - Wohnmobil-world.de\" \/>\n<meta property=\"og:description\" content=\"Reist mit uns in die gro\u00dfe Welt der beliebtesten Reisemobile in Deutschland, Europa und der Welt. Wir liefern Fahrberichte, Tests und Fakten! Unser Blog: wohnmobil-world.de Facebook: https:\/\/www.facebook.com\/wohnmobilworld Instagram: https:\/\/www.instagram.com\/wohnmobilworld.de\/ Twitter: @wohnmobilD\" \/>\n<meta property=\"og:url\" content=\"https:\/\/www.wohnmobil-world.de\/index.php\/impressum\/\" \/>\n<meta property=\"og:site_name\" content=\"Wohnmobil-world.de\" \/>\n<meta property=\"article:publisher\" content=\"https:\/\/www.facebook.com\/wohnmobilworld\/\" \/>\n<meta property=\"article:modified_time\" content=\"2020-07-21T11:50:10+00:00\" \/>\n<meta name=\"twitter:card\" content=\"summary_large_image\" \/>\n<meta name=\"twitter:site\" content=\"@WohnmobilD\" \/>\n<script type=\"application\/ld+json\" class=\"yoast-schema-graph\">{\"@context\":\"https:\\\/\\\/schema.org\",\"@graph\":[{\"@type\":\"WebPage\",\"@id\":\"https:\\\/\\\/www.wohnmobil-world.de\\\/index.php\\\/impressum\\\/\",\"url\":\"https:\\\/\\\/www.wohnmobil-world.de\\\/index.php\\\/impressum\\\/\",\"name\":\"Impressum - Wohnmobil-world.de\",\"isPartOf\":{\"@id\":\"https:\\\/\\\/www.wohnmobil-world.de\\\/#website\"},\"datePublished\":\"2018-06-21T10:40:30+00:00\",\"dateModified\":\"2020-07-21T11:50:10+00:00\",\"description\":\"Reist mit uns in die gro\u00dfe Welt der beliebtesten Reisemobile in Deutschland, Europa und der Welt. Wir liefern Fahrberichte, Tests und Fakten! Unser Blog: wohnmobil-world.de Facebook: https:\\\/\\\/www.facebook.com\\\/wohnmobilworld Instagram: https:\\\/\\\/www.instagram.com\\\/wohnmobilworld.de\\\/ Twitter: @wohnmobilD\",\"breadcrumb\":{\"@id\":\"https:\\\/\\\/www.wohnmobil-world.de\\\/index.php\\\/impressum\\\/#breadcrumb\"},\"inLanguage\":\"de\",\"potentialAction\":[{\"@type\":\"ReadAction\",\"target\":[\"https:\\\/\\\/www.wohnmobil-world.de\\\/index.php\\\/impressum\\\/\"]}]},{\"@type\":\"BreadcrumbList\",\"@id\":\"https:\\\/\\\/www.wohnmobil-world.de\\\/index.php\\\/impressum\\\/#breadcrumb\",\"itemListElement\":[{\"@type\":\"ListItem\",\"position\":1,\"name\":\"Startseite\",\"item\":\"https:\\\/\\\/www.wohnmobil-world.de\\\/\"},{\"@type\":\"ListItem\",\"position\":2,\"name\":\"Impressum\"}]},{\"@type\":\"WebSite\",\"@id\":\"https:\\\/\\\/www.wohnmobil-world.de\\\/#website\",\"url\":\"https:\\\/\\\/www.wohnmobil-world.de\\\/\",\"name\":\"Wohnmobil-world.de\",\"description\":\"Alles \u00fcber Wohnmobile und mehr...\",\"publisher\":{\"@id\":\"https:\\\/\\\/www.wohnmobil-world.de\\\/#organization\"},\"potentialAction\":[{\"@type\":\"SearchAction\",\"target\":{\"@type\":\"EntryPoint\",\"urlTemplate\":\"https:\\\/\\\/www.wohnmobil-world.de\\\/?s={search_term_string}\"},\"query-input\":{\"@type\":\"PropertyValueSpecification\",\"valueRequired\":true,\"valueName\":\"search_term_string\"}}],\"inLanguage\":\"de\"},{\"@type\":\"Organization\",\"@id\":\"https:\\\/\\\/www.wohnmobil-world.de\\\/#organization\",\"name\":\"wohnmobil-world.de\",\"url\":\"https:\\\/\\\/www.wohnmobil-world.de\\\/\",\"logo\":{\"@type\":\"ImageObject\",\"inLanguage\":\"de\",\"@id\":\"https:\\\/\\\/www.wohnmobil-world.de\\\/#\\\/schema\\\/logo\\\/image\\\/\",\"url\":\"https:\\\/\\\/www.wohnmobil-world.de\\\/wp-content\\\/uploads\\\/2018\\\/06\\\/Web_Logo_rund_klein.png\",\"contentUrl\":\"https:\\\/\\\/www.wohnmobil-world.de\\\/wp-content\\\/uploads\\\/2018\\\/06\\\/Web_Logo_rund_klein.png\",\"width\":200,\"height\":150,\"caption\":\"wohnmobil-world.de\"},\"image\":{\"@id\":\"https:\\\/\\\/www.wohnmobil-world.de\\\/#\\\/schema\\\/logo\\\/image\\\/\"},\"sameAs\":[\"https:\\\/\\\/www.facebook.com\\\/wohnmobilworld\\\/\",\"https:\\\/\\\/x.com\\\/WohnmobilD\",\"https:\\\/\\\/www.instagram.com\\\/wohnmobilworld.de\\\/\",\"https:\\\/\\\/www.youtube.com\\\/c\\\/wohnmobilworld\"]}]}<\/script>\n<!-- \/ Yoast SEO plugin. -->","yoast_head_json":{"title":"Impressum - Wohnmobil-world.de","description":"Reist mit uns in die gro\u00dfe Welt der beliebtesten Reisemobile in Deutschland, Europa und der Welt. Wir liefern Fahrberichte, Tests und Fakten! Unser Blog: wohnmobil-world.de Facebook: https:\/\/www.facebook.com\/wohnmobilworld Instagram: https:\/\/www.instagram.com\/wohnmobilworld.de\/ Twitter: @wohnmobilD","robots":{"index":"index","follow":"follow","max-snippet":"max-snippet:-1","max-image-preview":"max-image-preview:large","max-video-preview":"max-video-preview:-1"},"canonical":"https:\/\/www.wohnmobil-world.de\/index.php\/impressum\/","og_locale":"de_DE","og_type":"article","og_title":"Impressum - Wohnmobil-world.de","og_description":"Reist mit uns in die gro\u00dfe Welt der beliebtesten Reisemobile in Deutschland, Europa und der Welt. Wir liefern Fahrberichte, Tests und Fakten! Unser Blog: wohnmobil-world.de Facebook: https:\/\/www.facebook.com\/wohnmobilworld Instagram: https:\/\/www.instagram.com\/wohnmobilworld.de\/ Twitter: @wohnmobilD","og_url":"https:\/\/www.wohnmobil-world.de\/index.php\/impressum\/","og_site_name":"Wohnmobil-world.de","article_publisher":"https:\/\/www.facebook.com\/wohnmobilworld\/","article_modified_time":"2020-07-21T11:50:10+00:00","twitter_card":"summary_large_image","twitter_site":"@WohnmobilD","schema":{"@context":"https:\/\/schema.org","@graph":[{"@type":"WebPage","@id":"https:\/\/www.wohnmobil-world.de\/index.php\/impressum\/","url":"https:\/\/www.wohnmobil-world.de\/index.php\/impressum\/","name":"Impressum - Wohnmobil-world.de","isPartOf":{"@id":"https:\/\/www.wohnmobil-world.de\/#website"},"datePublished":"2018-06-21T10:40:30+00:00","dateModified":"2020-07-21T11:50:10+00:00","description":"Reist mit uns in die gro\u00dfe Welt der beliebtesten Reisemobile in Deutschland, Europa und der Welt. Wir liefern Fahrberichte, Tests und Fakten! Unser Blog: wohnmobil-world.de Facebook: https:\/\/www.facebook.com\/wohnmobilworld Instagram: https:\/\/www.instagram.com\/wohnmobilworld.de\/ Twitter: @wohnmobilD","breadcrumb":{"@id":"https:\/\/www.wohnmobil-world.de\/index.php\/impressum\/#breadcrumb"},"inLanguage":"de","potentialAction":[{"@type":"ReadAction","target":["https:\/\/www.wohnmobil-world.de\/index.php\/impressum\/"]}]},{"@type":"BreadcrumbList","@id":"https:\/\/www.wohnmobil-world.de\/index.php\/impressum\/#breadcrumb","itemListElement":[{"@type":"ListItem","position":1,"name":"Startseite","item":"https:\/\/www.wohnmobil-world.de\/"},{"@type":"ListItem","position":2,"name":"Impressum"}]},{"@type":"WebSite","@id":"https:\/\/www.wohnmobil-world.de\/#website","url":"https:\/\/www.wohnmobil-world.de\/","name":"Wohnmobil-world.de","description":"Alles \u00fcber Wohnmobile und mehr...","publisher":{"@id":"https:\/\/www.wohnmobil-world.de\/#organization"},"potentialAction":[{"@type":"SearchAction","target":{"@type":"EntryPoint","urlTemplate":"https:\/\/www.wohnmobil-world.de\/?s={search_term_string}"},"query-input":{"@type":"PropertyValueSpecification","valueRequired":true,"valueName":"search_term_string"}}],"inLanguage":"de"},{"@type":"Organization","@id":"https:\/\/www.wohnmobil-world.de\/#organization","name":"wohnmobil-world.de","url":"https:\/\/www.wohnmobil-world.de\/","logo":{"@type":"ImageObject","inLanguage":"de","@id":"https:\/\/www.wohnmobil-world.de\/#\/schema\/logo\/image\/","url":"https:\/\/www.wohnmobil-world.de\/wp-content\/uploads\/2018\/06\/Web_Logo_rund_klein.png","contentUrl":"https:\/\/www.wohnmobil-world.de\/wp-content\/uploads\/2018\/06\/Web_Logo_rund_klein.png","width":200,"height":150,"caption":"wohnmobil-world.de"},"image":{"@id":"https:\/\/www.wohnmobil-world.de\/#\/schema\/logo\/image\/"},"sameAs":["https:\/\/www.facebook.com\/wohnmobilworld\/","https:\/\/x.com\/WohnmobilD","https:\/\/www.instagram.com\/wohnmobilworld.de\/","https:\/\/www.youtube.com\/c\/wohnmobilworld"]}]}},"_links":{"self":[{"href":"https:\/\/www.wohnmobil-world.de\/index.php\/wp-json\/wp\/v2\/pages\/97","targetHints":{"allow":["GET"]}}],"collection":[{"href":"https:\/\/www.wohnmobil-world.de\/index.php\/wp-json\/wp\/v2\/pages"}],"about":[{"href":"https:\/\/www.wohnmobil-world.de\/index.php\/wp-json\/wp\/v2\/types\/page"}],"author":[{"embeddable":true,"href":"https:\/\/www.wohnmobil-world.de\/index.php\/wp-json\/wp\/v2\/users\/1"}],"replies":[{"embeddable":true,"href":"https:\/\/www.wohnmobil-world.de\/index.php\/wp-json\/wp\/v2\/comments?post=97"}],"version-history":[{"count":8,"href":"https:\/\/www.wohnmobil-world.de\/index.php\/wp-json\/wp\/v2\/pages\/97\/revisions"}],"predecessor-version":[{"id":1260,"href":"https:\/\/www.wohnmobil-world.de\/index.php\/wp-json\/wp\/v2\/pages\/97\/revisions\/1260"}],"wp:attachment":[{"href":"https:\/\/www.wohnmobil-world.de\/index.php\/wp-json\/wp\/v2\/media?parent=97"}],"curies":[{"name":"wp","href":"https:\/\/api.w.org\/{rel}","templated":true}]}}