{"id":488,"date":"2018-08-23T11:17:45","date_gmt":"2018-08-23T11:17:45","guid":{"rendered":"https:\/\/wohnmobil-world.de\/?page_id=488"},"modified":"2018-08-23T11:19:54","modified_gmt":"2018-08-23T11:19:54","slug":"niesmann-bischoff","status":"publish","type":"page","link":"https:\/\/www.wohnmobil-world.de\/index.php\/niesmann-bischoff\/","title":{"rendered":"Niesmann + Bischoff"},"content":{"rendered":"<p><code>\n<!-- NOTE: If you need to make changes to this file, copy it to your current theme's main\n\tdirectory so your changes won't be overwritten when the plugin is upgraded. -->\n\n<!-- Post Wrap Start-->\n<div class=\"post hentry ivycat-post\">\n\n\t<!-- \tThis outputs the post TITLE -->\n\t<h2 class=\"entry-title\"><a href=\"https:\/\/www.wohnmobil-world.de\/index.php\/2022\/07\/26\/der-neue-niesmannbischoff-flair-880-920\/\">Der neue Niesmann+Bischoff Flair 880\/920 &#8211; Weltpremiere<\/a><\/h2>\n\n\t<!-- \tThis outputs the post EXCERPT.  To display full content including images and html,\n\t\treplace the_excerpt(); with the_content();  below. -->\n\t<div class=\"entry-summary\">\n\t\t<p>Mit der neuen Generation des Flair hat Niesmann+Bischoff einen Premium-Liner entwickelt, der das Thema Innendesign auf ein ganz neues Niveau hebt \u2013 verbunden mit h\u00f6chster Technik-Qualit\u00e4t. Den Kunden erwarten zahllose M\u00f6glichkeiten zur Individualisierung.<\/p>\n\t<\/div>\n\n\t<!--\tThis outputs the post META information -->\n\t<div class=\"entry-utility\">\n\t\t\t\t\t<span class=\"cat-links\">\n\t\t\t\t<span class=\"entry-utility-prep entry-utility-prep-cat-links\">Posted in<\/span> <a href=\"https:\/\/www.wohnmobil-world.de\/index.php\/category\/integriert\/\" rel=\"category tag\">Integriert<\/a>, <a href=\"https:\/\/www.wohnmobil-world.de\/index.php\/category\/liner\/\" rel=\"category tag\">Liner<\/a>, <a href=\"https:\/\/www.wohnmobil-world.de\/index.php\/category\/news\/\" rel=\"category tag\">News<\/a>, <a href=\"https:\/\/www.wohnmobil-world.de\/index.php\/category\/hersteller\/niesmannbischoff\/\" rel=\"category tag\">Niesmann+Bischoff<\/a>\t\t\t<\/span>\n\t\t\t<span class=\"meta-sep\">|<\/span>\n\t\t\t\t\t\t\t<span class=\"tag-links\">\n\t\t\t\t<span class=\"entry-utility-prep entry-utility-prep-tag-links\">Tagged<\/span> <a href=\"https:\/\/www.wohnmobil-world.de\/index.php\/tag\/flair\/\" rel=\"tag\">flair<\/a>, <a href=\"https:\/\/www.wohnmobil-world.de\/index.php\/tag\/flair-880\/\" rel=\"tag\">flair 880<\/a>, <a href=\"https:\/\/www.wohnmobil-world.de\/index.php\/tag\/flair-920\/\" rel=\"tag\">flair 920<\/a>, <a href=\"https:\/\/www.wohnmobil-world.de\/index.php\/tag\/niesmannbischoff\/\" rel=\"tag\">niesmann+bischoff<\/a>, <a href=\"https:\/\/www.wohnmobil-world.de\/index.php\/tag\/roomtour\/\" rel=\"tag\">roomtour<\/a>, <a href=\"https:\/\/www.wohnmobil-world.de\/index.php\/tag\/weltneuheit\/\" rel=\"tag\">Weltneuheit<\/a>\t\t\t<\/span>\n\t\t\t<span class=\"meta-sep\">|<\/span>\n\t\t\t\t<span class=\"comments-link\">\n\t\t\t<span>Kommentare deaktiviert<span class=\"screen-reader-text\"> f\u00fcr Der neue Niesmann+Bischoff Flair 880\/920 &#8211; Weltpremiere<\/span><\/span>\t\t<\/span>\n\t\t\t<\/div>\n<\/div>\n<!-- \/\/ Post Wrap End -->\n\n<!-- NOTE: If you need to make changes to this file, copy it to your current theme's main\n\tdirectory so your changes won't be overwritten when the plugin is upgraded. -->\n\n<!-- Post Wrap Start-->\n<div class=\"post hentry ivycat-post\">\n\n\t<!-- \tThis outputs the post TITLE -->\n\t<h2 class=\"entry-title\"><a href=\"https:\/\/www.wohnmobil-world.de\/index.php\/2020\/09\/02\/weltpremiere-niesmannbischoff-ismove\/\">Weltpremiere &#8211; Niesmann+Bischoff iSmove 6.9E &#8211; Die allererste Roomtour<\/a><\/h2>\n\n\t<!-- \tThis outputs the post EXCERPT.  To display full content including images and html,\n\t\treplace the_excerpt(); with the_content();  below. -->\n\t<div class=\"entry-summary\">\n\t\t<p>Unter 3,5 Tonnen, aber \u00fcber allen Erwartungen. So l\u00e4sst sich der neue iSmove von Niesmann+Bischoff in einem Satz zusammenfassen.<\/p>\n\t<\/div>\n\n\t<!--\tThis outputs the post META information -->\n\t<div class=\"entry-utility\">\n\t\t\t\t\t<span class=\"cat-links\">\n\t\t\t\t<span class=\"entry-utility-prep entry-utility-prep-cat-links\">Posted in<\/span> <a href=\"https:\/\/www.wohnmobil-world.de\/index.php\/category\/integriert\/\" rel=\"category tag\">Integriert<\/a>, <a href=\"https:\/\/www.wohnmobil-world.de\/index.php\/category\/news\/\" rel=\"category tag\">News<\/a>, <a href=\"https:\/\/www.wohnmobil-world.de\/index.php\/category\/hersteller\/niesmannbischoff\/\" rel=\"category tag\">Niesmann+Bischoff<\/a>\t\t\t<\/span>\n\t\t\t<span class=\"meta-sep\">|<\/span>\n\t\t\t\t\t\t\t<span class=\"tag-links\">\n\t\t\t\t<span class=\"entry-utility-prep entry-utility-prep-tag-links\">Tagged<\/span> <a href=\"https:\/\/www.wohnmobil-world.de\/index.php\/tag\/camper\/\" rel=\"tag\">Camper<\/a>, <a href=\"https:\/\/www.wohnmobil-world.de\/index.php\/tag\/campervan\/\" rel=\"tag\">campervan<\/a>, <a href=\"https:\/\/www.wohnmobil-world.de\/index.php\/tag\/campervanlife\/\" rel=\"tag\">Campervanlife<\/a>, <a href=\"https:\/\/www.wohnmobil-world.de\/index.php\/tag\/ismove\/\" rel=\"tag\">iSmove<\/a>, <a href=\"https:\/\/www.wohnmobil-world.de\/index.php\/tag\/neuheit\/\" rel=\"tag\">Neuheit<\/a>, <a href=\"https:\/\/www.wohnmobil-world.de\/index.php\/tag\/niesmannbischoff\/\" rel=\"tag\">niesmann+bischoff<\/a>, <a href=\"https:\/\/www.wohnmobil-world.de\/index.php\/tag\/weltpremiere\/\" rel=\"tag\">Weltpremiere<\/a>\t\t\t<\/span>\n\t\t\t<span class=\"meta-sep\">|<\/span>\n\t\t\t\t<span class=\"comments-link\">\n\t\t\t<span>Kommentare deaktiviert<span class=\"screen-reader-text\"> f\u00fcr Weltpremiere &#8211; Niesmann+Bischoff iSmove 6.9E &#8211; Die allererste Roomtour<\/span><\/span>\t\t<\/span>\n\t\t\t<\/div>\n<\/div>\n<!-- \/\/ Post Wrap End -->\n\n<!-- NOTE: If you need to make changes to this file, copy it to your current theme's main\n\tdirectory so your changes won't be overwritten when the plugin is upgraded. -->\n\n<!-- Post Wrap Start-->\n<div class=\"post hentry ivycat-post\">\n\n\t<!-- \tThis outputs the post TITLE -->\n\t<h2 class=\"entry-title\"><a href=\"https:\/\/www.wohnmobil-world.de\/index.php\/2019\/08\/31\/videobeitraege-vom-caravan-salon-duesseldorf-2019\/\">Videobeitr\u00e4ge vom Caravan Salon D\u00fcsseldorf 2019<\/a><\/h2>\n\n\t<!-- \tThis outputs the post EXCERPT.  To display full content including images and html,\n\t\treplace the_excerpt(); with the_content();  below. -->\n\t<div class=\"entry-summary\">\n\t\t<p>Unsere Videobeitr\u00e4ge vom Caravan Salon D\u00fcsseldorf seht ihr nach Ver\u00f6ffentlichung immer direkt hier: &nbsp; &nbsp;<\/p>\n\t<\/div>\n\n\t<!--\tThis outputs the post META information -->\n\t<div class=\"entry-utility\">\n\t\t\t\t\t<span class=\"cat-links\">\n\t\t\t\t<span class=\"entry-utility-prep entry-utility-prep-cat-links\">Posted in<\/span> <a href=\"https:\/\/www.wohnmobil-world.de\/index.php\/category\/hersteller\/\" rel=\"category tag\">Hersteller<\/a>, <a href=\"https:\/\/www.wohnmobil-world.de\/index.php\/category\/hersteller\/hobby\/\" rel=\"category tag\">Hobby<\/a>, <a href=\"https:\/\/www.wohnmobil-world.de\/index.php\/category\/hersteller\/lmc\/\" rel=\"category tag\">LMC<\/a>, <a href=\"https:\/\/www.wohnmobil-world.de\/index.php\/category\/messeberichte\/\" rel=\"category tag\">Messeberichte<\/a>, <a href=\"https:\/\/www.wohnmobil-world.de\/index.php\/category\/news\/\" rel=\"category tag\">News<\/a>, <a href=\"https:\/\/www.wohnmobil-world.de\/index.php\/category\/hersteller\/niesmannbischoff\/\" rel=\"category tag\">Niesmann+Bischoff<\/a>, <a href=\"https:\/\/www.wohnmobil-world.de\/index.php\/category\/studie\/\" rel=\"category tag\">Studie<\/a>, <a href=\"https:\/\/www.wohnmobil-world.de\/index.php\/category\/hersteller\/sunlight\/\" rel=\"category tag\">Sunlight<\/a>, <a href=\"https:\/\/www.wohnmobil-world.de\/index.php\/category\/teilintegriert\/\" rel=\"category tag\">Teilintegriert<\/a>, <a href=\"https:\/\/www.wohnmobil-world.de\/index.php\/category\/hersteller\/volkswagen\/\" rel=\"category tag\">Volkswagen<\/a>, <a href=\"https:\/\/www.wohnmobil-world.de\/index.php\/category\/zukunft\/\" rel=\"category tag\">Zukunft<\/a>\t\t\t<\/span>\n\t\t\t<span class=\"meta-sep\">|<\/span>\n\t\t\t\t\t\t\t<span class=\"tag-links\">\n\t\t\t\t<span class=\"entry-utility-prep entry-utility-prep-tag-links\">Tagged<\/span> <a href=\"https:\/\/www.wohnmobil-world.de\/index.php\/tag\/4x4\/\" rel=\"tag\">4x4<\/a>, <a href=\"https:\/\/www.wohnmobil-world.de\/index.php\/tag\/california\/\" rel=\"tag\">California<\/a>, <a href=\"https:\/\/www.wohnmobil-world.de\/index.php\/tag\/caravan-salon\/\" rel=\"tag\">Caravan-Salon<\/a>, <a href=\"https:\/\/www.wohnmobil-world.de\/index.php\/tag\/cliff4x4\/\" rel=\"tag\">cliff4x4<\/a>, <a href=\"https:\/\/www.wohnmobil-world.de\/index.php\/tag\/hobby\/\" rel=\"tag\">hobby<\/a>, <a href=\"https:\/\/www.wohnmobil-world.de\/index.php\/tag\/neuheit\/\" rel=\"tag\">Neuheit<\/a>, <a href=\"https:\/\/www.wohnmobil-world.de\/index.php\/tag\/neuigkeiten\/\" rel=\"tag\">neuigkeiten<\/a>, <a href=\"https:\/\/www.wohnmobil-world.de\/index.php\/tag\/niesmannbischoff\/\" rel=\"tag\">niesmann+bischoff<\/a>, <a href=\"https:\/\/www.wohnmobil-world.de\/index.php\/tag\/sunlight\/\" rel=\"tag\">sunlight<\/a>, <a href=\"https:\/\/www.wohnmobil-world.de\/index.php\/tag\/volkswagen-nutzfahrzeuge\/\" rel=\"tag\">Volkswagen Nutzfahrzeuge<\/a>, <a href=\"https:\/\/www.wohnmobil-world.de\/index.php\/tag\/vwn-california\/\" rel=\"tag\">vwn california<\/a>\t\t\t<\/span>\n\t\t\t<span class=\"meta-sep\">|<\/span>\n\t\t\t\t<span class=\"comments-link\">\n\t\t\t<span>Kommentare deaktiviert<span class=\"screen-reader-text\"> f\u00fcr Videobeitr\u00e4ge vom Caravan Salon D\u00fcsseldorf 2019<\/span><\/span>\t\t<\/span>\n\t\t\t<\/div>\n<\/div>\n<!-- \/\/ Post Wrap End -->\n\n<!-- NOTE: If you need to make changes to this file, copy it to your current theme's main\n\tdirectory so your changes won't be overwritten when the plugin is upgraded. -->\n\n<!-- Post Wrap Start-->\n<div class=\"post hentry ivycat-post\">\n\n\t<!-- \tThis outputs the post TITLE -->\n\t<h2 class=\"entry-title\"><a href=\"https:\/\/www.wohnmobil-world.de\/index.php\/2018\/08\/26\/der-neue-niesmannbischoff-flair-920-ek-modelljahr-2019\/\">Der neue Niesmann+Bischoff Flair 920 EK &#8211; Modelljahr 2019<\/a><\/h2>\n\n\t<!-- \tThis outputs the post EXCERPT.  To display full content including images and html,\n\t\treplace the_excerpt(); with the_content();  below. -->\n\t<div class=\"entry-summary\">\n\t\t<p>Der deutsche Wohnmobilhersteller Niesmann+Bischoff hat mit dem \u201eFlair\u201c den ersten Luxus-Liner entwickelt, der Airbags f\u00fcr Fahrer und Beifahrer an Bord hat. Und damit einen absoluten Durchbruch in der passiven Sicherheit erreicht. Die Innovation betrifft die so genannte \u201eK\u00f6nigsklasse der Wohnmobile\u201c, die in der Regel auf einem Iveco-Daily-Fahrgestell unterwegs ist. Bis heute sind Airbags an Bord&hellip;<\/p>\n\t<\/div>\n\n\t<!--\tThis outputs the post META information -->\n\t<div class=\"entry-utility\">\n\t\t\t\t\t<span class=\"cat-links\">\n\t\t\t\t<span class=\"entry-utility-prep entry-utility-prep-cat-links\">Posted in<\/span> <a href=\"https:\/\/www.wohnmobil-world.de\/index.php\/category\/integriert\/\" rel=\"category tag\">Integriert<\/a>, <a href=\"https:\/\/www.wohnmobil-world.de\/index.php\/category\/messeberichte\/\" rel=\"category tag\">Messeberichte<\/a>, <a href=\"https:\/\/www.wohnmobil-world.de\/index.php\/category\/news\/\" rel=\"category tag\">News<\/a>, <a href=\"https:\/\/www.wohnmobil-world.de\/index.php\/category\/hersteller\/niesmannbischoff\/\" rel=\"category tag\">Niesmann+Bischoff<\/a>\t\t\t<\/span>\n\t\t\t<span class=\"meta-sep\">|<\/span>\n\t\t\t\t\t\t\t<span class=\"tag-links\">\n\t\t\t\t<span class=\"entry-utility-prep entry-utility-prep-tag-links\">Tagged<\/span> <a href=\"https:\/\/www.wohnmobil-world.de\/index.php\/tag\/campervanlife\/\" rel=\"tag\">Campervanlife<\/a>, <a href=\"https:\/\/www.wohnmobil-world.de\/index.php\/tag\/camping\/\" rel=\"tag\">camping<\/a>, <a href=\"https:\/\/www.wohnmobil-world.de\/index.php\/tag\/caravan-salon\/\" rel=\"tag\">Caravan-Salon<\/a>, <a href=\"https:\/\/www.wohnmobil-world.de\/index.php\/tag\/neu\/\" rel=\"tag\">Neu<\/a>, <a href=\"https:\/\/www.wohnmobil-world.de\/index.php\/tag\/neuheit\/\" rel=\"tag\">Neuheit<\/a>, <a href=\"https:\/\/www.wohnmobil-world.de\/index.php\/tag\/news\/\" rel=\"tag\">News<\/a>, <a href=\"https:\/\/www.wohnmobil-world.de\/index.php\/tag\/niesmannbischoff\/\" rel=\"tag\">niesmann+bischoff<\/a>, <a href=\"https:\/\/www.wohnmobil-world.de\/index.php\/tag\/reisemobil\/\" rel=\"tag\">reisemobil<\/a>, <a href=\"https:\/\/www.wohnmobil-world.de\/index.php\/tag\/wohnmobil-world-de\/\" rel=\"tag\">wohnmobil-world.de<\/a>\t\t\t<\/span>\n\t\t\t<span class=\"meta-sep\">|<\/span>\n\t\t\t\t<span class=\"comments-link\">\n\t\t\t<span>Kommentare deaktiviert<span class=\"screen-reader-text\"> f\u00fcr Der neue Niesmann+Bischoff Flair 920 EK &#8211; Modelljahr 2019<\/span><\/span>\t\t<\/span>\n\t\t\t<\/div>\n<\/div>\n<!-- \/\/ Post Wrap End -->\n<\/code><\/p>\n","protected":false},"excerpt":{"rendered":"","protected":false},"author":2,"featured_media":0,"parent":0,"menu_order":0,"comment_status":"closed","ping_status":"closed","template":"","meta":{"_crdt_document":"","_exactmetrics_skip_tracking":false,"_exactmetrics_sitenote_active":false,"_exactmetrics_sitenote_note":"","_exactmetrics_sitenote_category":0,"footnotes":""},"class_list":["post-488","page","type-page","status-publish","hentry"],"yoast_head":"<!-- This site is optimized with the Yoast SEO plugin v27.4 - https:\/\/yoast.com\/product\/yoast-seo-wordpress\/ -->\n<title>Niesmann + Bischoff - Wohnmobil-world.de<\/title>\n<meta name=\"description\" content=\"Reist mit uns in die gro\u00dfe Welt der beliebtesten Reisemobile in Deutschland, Europa und der Welt. Wir liefern Fahrberichte, Tests und Fakten! Unser Blog: wohnmobil-world.de Facebook: https:\/\/www.facebook.com\/wohnmobilworld Instagram: https:\/\/www.instagram.com\/wohnmobilworld.de\/ Twitter: @wohnmobilD\" \/>\n<meta name=\"robots\" content=\"index, follow, max-snippet:-1, max-image-preview:large, max-video-preview:-1\" \/>\n<link rel=\"canonical\" href=\"https:\/\/www.wohnmobil-world.de\/index.php\/niesmann-bischoff\/\" \/>\n<meta property=\"og:locale\" content=\"de_DE\" \/>\n<meta property=\"og:type\" content=\"article\" \/>\n<meta property=\"og:title\" content=\"Niesmann + Bischoff - Wohnmobil-world.de\" \/>\n<meta property=\"og:description\" content=\"Reist mit uns in die gro\u00dfe Welt der beliebtesten Reisemobile in Deutschland, Europa und der Welt. Wir liefern Fahrberichte, Tests und Fakten! Unser Blog: wohnmobil-world.de Facebook: https:\/\/www.facebook.com\/wohnmobilworld Instagram: https:\/\/www.instagram.com\/wohnmobilworld.de\/ Twitter: @wohnmobilD\" \/>\n<meta property=\"og:url\" content=\"https:\/\/www.wohnmobil-world.de\/index.php\/niesmann-bischoff\/\" \/>\n<meta property=\"og:site_name\" content=\"Wohnmobil-world.de\" \/>\n<meta property=\"article:publisher\" content=\"https:\/\/www.facebook.com\/wohnmobilworld\/\" \/>\n<meta property=\"article:modified_time\" content=\"2018-08-23T11:19:54+00:00\" \/>\n<meta name=\"twitter:card\" content=\"summary_large_image\" \/>\n<meta name=\"twitter:site\" content=\"@WohnmobilD\" \/>\n<script type=\"application\/ld+json\" class=\"yoast-schema-graph\">{\"@context\":\"https:\\\/\\\/schema.org\",\"@graph\":[{\"@type\":\"WebPage\",\"@id\":\"https:\\\/\\\/www.wohnmobil-world.de\\\/index.php\\\/niesmann-bischoff\\\/\",\"url\":\"https:\\\/\\\/www.wohnmobil-world.de\\\/index.php\\\/niesmann-bischoff\\\/\",\"name\":\"Niesmann + Bischoff - Wohnmobil-world.de\",\"isPartOf\":{\"@id\":\"https:\\\/\\\/www.wohnmobil-world.de\\\/#website\"},\"datePublished\":\"2018-08-23T11:17:45+00:00\",\"dateModified\":\"2018-08-23T11:19:54+00:00\",\"description\":\"Reist mit uns in die gro\u00dfe Welt der beliebtesten Reisemobile in Deutschland, Europa und der Welt. Wir liefern Fahrberichte, Tests und Fakten! Unser Blog: wohnmobil-world.de Facebook: https:\\\/\\\/www.facebook.com\\\/wohnmobilworld Instagram: https:\\\/\\\/www.instagram.com\\\/wohnmobilworld.de\\\/ Twitter: @wohnmobilD\",\"breadcrumb\":{\"@id\":\"https:\\\/\\\/www.wohnmobil-world.de\\\/index.php\\\/niesmann-bischoff\\\/#breadcrumb\"},\"inLanguage\":\"de\",\"potentialAction\":[{\"@type\":\"ReadAction\",\"target\":[\"https:\\\/\\\/www.wohnmobil-world.de\\\/index.php\\\/niesmann-bischoff\\\/\"]}]},{\"@type\":\"BreadcrumbList\",\"@id\":\"https:\\\/\\\/www.wohnmobil-world.de\\\/index.php\\\/niesmann-bischoff\\\/#breadcrumb\",\"itemListElement\":[{\"@type\":\"ListItem\",\"position\":1,\"name\":\"Startseite\",\"item\":\"https:\\\/\\\/www.wohnmobil-world.de\\\/\"},{\"@type\":\"ListItem\",\"position\":2,\"name\":\"Niesmann + Bischoff\"}]},{\"@type\":\"WebSite\",\"@id\":\"https:\\\/\\\/www.wohnmobil-world.de\\\/#website\",\"url\":\"https:\\\/\\\/www.wohnmobil-world.de\\\/\",\"name\":\"Wohnmobil-world.de\",\"description\":\"Alles \u00fcber Wohnmobile und mehr...\",\"publisher\":{\"@id\":\"https:\\\/\\\/www.wohnmobil-world.de\\\/#organization\"},\"potentialAction\":[{\"@type\":\"SearchAction\",\"target\":{\"@type\":\"EntryPoint\",\"urlTemplate\":\"https:\\\/\\\/www.wohnmobil-world.de\\\/?s={search_term_string}\"},\"query-input\":{\"@type\":\"PropertyValueSpecification\",\"valueRequired\":true,\"valueName\":\"search_term_string\"}}],\"inLanguage\":\"de\"},{\"@type\":\"Organization\",\"@id\":\"https:\\\/\\\/www.wohnmobil-world.de\\\/#organization\",\"name\":\"wohnmobil-world.de\",\"url\":\"https:\\\/\\\/www.wohnmobil-world.de\\\/\",\"logo\":{\"@type\":\"ImageObject\",\"inLanguage\":\"de\",\"@id\":\"https:\\\/\\\/www.wohnmobil-world.de\\\/#\\\/schema\\\/logo\\\/image\\\/\",\"url\":\"https:\\\/\\\/www.wohnmobil-world.de\\\/wp-content\\\/uploads\\\/2018\\\/06\\\/Web_Logo_rund_klein.png\",\"contentUrl\":\"https:\\\/\\\/www.wohnmobil-world.de\\\/wp-content\\\/uploads\\\/2018\\\/06\\\/Web_Logo_rund_klein.png\",\"width\":200,\"height\":150,\"caption\":\"wohnmobil-world.de\"},\"image\":{\"@id\":\"https:\\\/\\\/www.wohnmobil-world.de\\\/#\\\/schema\\\/logo\\\/image\\\/\"},\"sameAs\":[\"https:\\\/\\\/www.facebook.com\\\/wohnmobilworld\\\/\",\"https:\\\/\\\/x.com\\\/WohnmobilD\",\"https:\\\/\\\/www.instagram.com\\\/wohnmobilworld.de\\\/\",\"https:\\\/\\\/www.youtube.com\\\/c\\\/wohnmobilworld\"]}]}<\/script>\n<!-- \/ Yoast SEO plugin. -->","yoast_head_json":{"title":"Niesmann + Bischoff - Wohnmobil-world.de","description":"Reist mit uns in die gro\u00dfe Welt der beliebtesten Reisemobile in Deutschland, Europa und der Welt. Wir liefern Fahrberichte, Tests und Fakten! Unser Blog: wohnmobil-world.de Facebook: https:\/\/www.facebook.com\/wohnmobilworld Instagram: https:\/\/www.instagram.com\/wohnmobilworld.de\/ Twitter: @wohnmobilD","robots":{"index":"index","follow":"follow","max-snippet":"max-snippet:-1","max-image-preview":"max-image-preview:large","max-video-preview":"max-video-preview:-1"},"canonical":"https:\/\/www.wohnmobil-world.de\/index.php\/niesmann-bischoff\/","og_locale":"de_DE","og_type":"article","og_title":"Niesmann + Bischoff - Wohnmobil-world.de","og_description":"Reist mit uns in die gro\u00dfe Welt der beliebtesten Reisemobile in Deutschland, Europa und der Welt. Wir liefern Fahrberichte, Tests und Fakten! Unser Blog: wohnmobil-world.de Facebook: https:\/\/www.facebook.com\/wohnmobilworld Instagram: https:\/\/www.instagram.com\/wohnmobilworld.de\/ Twitter: @wohnmobilD","og_url":"https:\/\/www.wohnmobil-world.de\/index.php\/niesmann-bischoff\/","og_site_name":"Wohnmobil-world.de","article_publisher":"https:\/\/www.facebook.com\/wohnmobilworld\/","article_modified_time":"2018-08-23T11:19:54+00:00","twitter_card":"summary_large_image","twitter_site":"@WohnmobilD","schema":{"@context":"https:\/\/schema.org","@graph":[{"@type":"WebPage","@id":"https:\/\/www.wohnmobil-world.de\/index.php\/niesmann-bischoff\/","url":"https:\/\/www.wohnmobil-world.de\/index.php\/niesmann-bischoff\/","name":"Niesmann + Bischoff - Wohnmobil-world.de","isPartOf":{"@id":"https:\/\/www.wohnmobil-world.de\/#website"},"datePublished":"2018-08-23T11:17:45+00:00","dateModified":"2018-08-23T11:19:54+00:00","description":"Reist mit uns in die gro\u00dfe Welt der beliebtesten Reisemobile in Deutschland, Europa und der Welt. Wir liefern Fahrberichte, Tests und Fakten! Unser Blog: wohnmobil-world.de Facebook: https:\/\/www.facebook.com\/wohnmobilworld Instagram: https:\/\/www.instagram.com\/wohnmobilworld.de\/ Twitter: @wohnmobilD","breadcrumb":{"@id":"https:\/\/www.wohnmobil-world.de\/index.php\/niesmann-bischoff\/#breadcrumb"},"inLanguage":"de","potentialAction":[{"@type":"ReadAction","target":["https:\/\/www.wohnmobil-world.de\/index.php\/niesmann-bischoff\/"]}]},{"@type":"BreadcrumbList","@id":"https:\/\/www.wohnmobil-world.de\/index.php\/niesmann-bischoff\/#breadcrumb","itemListElement":[{"@type":"ListItem","position":1,"name":"Startseite","item":"https:\/\/www.wohnmobil-world.de\/"},{"@type":"ListItem","position":2,"name":"Niesmann + Bischoff"}]},{"@type":"WebSite","@id":"https:\/\/www.wohnmobil-world.de\/#website","url":"https:\/\/www.wohnmobil-world.de\/","name":"Wohnmobil-world.de","description":"Alles \u00fcber Wohnmobile und mehr...","publisher":{"@id":"https:\/\/www.wohnmobil-world.de\/#organization"},"potentialAction":[{"@type":"SearchAction","target":{"@type":"EntryPoint","urlTemplate":"https:\/\/www.wohnmobil-world.de\/?s={search_term_string}"},"query-input":{"@type":"PropertyValueSpecification","valueRequired":true,"valueName":"search_term_string"}}],"inLanguage":"de"},{"@type":"Organization","@id":"https:\/\/www.wohnmobil-world.de\/#organization","name":"wohnmobil-world.de","url":"https:\/\/www.wohnmobil-world.de\/","logo":{"@type":"ImageObject","inLanguage":"de","@id":"https:\/\/www.wohnmobil-world.de\/#\/schema\/logo\/image\/","url":"https:\/\/www.wohnmobil-world.de\/wp-content\/uploads\/2018\/06\/Web_Logo_rund_klein.png","contentUrl":"https:\/\/www.wohnmobil-world.de\/wp-content\/uploads\/2018\/06\/Web_Logo_rund_klein.png","width":200,"height":150,"caption":"wohnmobil-world.de"},"image":{"@id":"https:\/\/www.wohnmobil-world.de\/#\/schema\/logo\/image\/"},"sameAs":["https:\/\/www.facebook.com\/wohnmobilworld\/","https:\/\/x.com\/WohnmobilD","https:\/\/www.instagram.com\/wohnmobilworld.de\/","https:\/\/www.youtube.com\/c\/wohnmobilworld"]}]}},"_links":{"self":[{"href":"https:\/\/www.wohnmobil-world.de\/index.php\/wp-json\/wp\/v2\/pages\/488","targetHints":{"allow":["GET"]}}],"collection":[{"href":"https:\/\/www.wohnmobil-world.de\/index.php\/wp-json\/wp\/v2\/pages"}],"about":[{"href":"https:\/\/www.wohnmobil-world.de\/index.php\/wp-json\/wp\/v2\/types\/page"}],"author":[{"embeddable":true,"href":"https:\/\/www.wohnmobil-world.de\/index.php\/wp-json\/wp\/v2\/users\/2"}],"replies":[{"embeddable":true,"href":"https:\/\/www.wohnmobil-world.de\/index.php\/wp-json\/wp\/v2\/comments?post=488"}],"version-history":[{"count":3,"href":"https:\/\/www.wohnmobil-world.de\/index.php\/wp-json\/wp\/v2\/pages\/488\/revisions"}],"predecessor-version":[{"id":491,"href":"https:\/\/www.wohnmobil-world.de\/index.php\/wp-json\/wp\/v2\/pages\/488\/revisions\/491"}],"wp:attachment":[{"href":"https:\/\/www.wohnmobil-world.de\/index.php\/wp-json\/wp\/v2\/media?parent=488"}],"curies":[{"name":"wp","href":"https:\/\/api.w.org\/{rel}","templated":true}]}}